{"id":45,"date":"2017-03-24T12:41:11","date_gmt":"2017-03-24T12:41:11","guid":{"rendered":"https:\/\/alfatayt.com.tr\/?page_id=45"},"modified":"2022-11-02T16:41:41","modified_gmt":"2022-11-02T13:41:41","slug":"contacts","status":"publish","type":"page","link":"https:\/\/alfatayt.com.tr\/index.php\/contacts\/","title":{"rendered":"\u0130leti\u015fim"},"content":{"rendered":"<p>[vc_row][vc_column][vc_empty_space height=&#8221;2.5em&#8221; alter_height=&#8221;none&#8221; hide_on_mobile=&#8221;&#8221;][\/vc_column][\/vc_row][vc_row equal_height=&#8221;yes&#8221; content_placement=&#8221;middle&#8221;][vc_column offset=&#8221;vc_col-md-6&#8243;]<div id=\"sc_googlemap_1444197736_wrap\" class=\"sc_googlemap_wrap\"><div id=\"sc_googlemap_1444197736\"\r\n\t\t\tclass=\"sc_googlemap sc_googlemap_default\"\r\n\t\t\t style=\"width:100%;height:538px;\"\t\t\tdata-zoom=\"17\"\r\n\t\t\tdata-style=\"extra\"\r\n\t\t\tdata-cluster-icon=\"\"\r\n\r\n\t\t\t><iframe\r\n\t\t\t\t\tsrc=\"https:\/\/maps.google.com\/maps?t=m&output=embed&iwloc=near&z=17&q=Muratpa%C5%9Fa%2C+%C4%B0%C5%9Fkent+Sanayi+Sitesi%2C+Rami+K%C4%B1%C5%9Fla+Caddesi%2C+Bayrampa%C5%9Fa%2F%C4%B0stanbul\"\r\n\t\t\t\t\tscrolling=\"no\"\r\n\t\t\t\t\tmarginheight=\"0\"\r\n\t\t\t\t\tmarginwidth=\"0\"\r\n\t\t\t\t\tframeborder=\"0\"\r\n\t\t\t\t\taria-label=\"\"><\/iframe><\/div><\/div><!-- \/.sc_googlemap_wrap -->[\/vc_column][vc_column css=&#8221;.vc_custom_1492777522146{margin-right: 20px !important;margin-left: 20px !important;background-color: #ebe9e6 !important;}&#8221; offset=&#8221;vc_col-md-6&#8243;]<div  id=\"sc_promo_739891961\" \r\n\tclass=\"sc_promo sc_promo_default sc_promo_size_normal sc_promo_no_image\"><div class=\"sc_promo_text\" style=\"width: 100%;\">\r\n\t\t\t<div class=\"sc_promo_text_inner\" style=\"\"><h3 class=\"sc_item_title sc_promo_title sc_align_left sc_item_title_style_default\"><i>\u0130leti\u015fim<\/i> Bilgileri<\/h3><div class=\"sc_item_descr sc_promo_descr sc_align_left\"><p>Duis auctor elit a justo imperdiet, non maximus enim ornare. Fusce sed ornare eros aenean fermentum luctus turpis et pretium. Aliquam tempor lorem iaculis, porta elit at.<\/p>\n<\/div><div class=\"sc_promo_content sc_item_content\">[vc_empty_space height=&#8221;0.7em&#8221; alter_height=&#8221;none&#8221; hide_on_mobile=&#8221;&#8221;][vc_row_inner][vc_column_inner][vc_empty_space height=&#8221;1.1em&#8221; alter_height=&#8221;none&#8221; hide_on_mobile=&#8221;&#8221;][vc_column_text]<strong>ADRES:<\/strong> Muratpa\u015fa mah. Uluyol Cad. \u0130\u015fkent San. Sitesi G blok no: 267-268-288<br \/>\nBayrampa\u015fa \/ \u0130STANBUL[\/vc_column_text][vc_empty_space height=&#8221;0.9em&#8221; alter_height=&#8221;none&#8221; hide_on_mobile=&#8221;&#8221;][vc_column_text]<strong>TELEFON:<\/strong> 0535 660 30 30[\/vc_column_text][vc_empty_space height=&#8221;0.9em&#8221; alter_height=&#8221;none&#8221; hide_on_mobile=&#8221;&#8221;][vc_column_text]<strong>EMAIL:<\/strong> <a href=\"mailto:info@alfatayt.com.tr\">info@alfatayt.com.tr<\/a>[\/vc_column_text][vc_empty_space height=&#8221;1em&#8221; alter_height=&#8221;none&#8221; hide_on_mobile=&#8221;&#8221;][\/vc_column_inner][\/vc_row_inner]<\/div><\/div>\r\n\t\t<\/div><!-- \/.sc_promo_text --><\/div><!-- \/.sc_promo -->[\/vc_column][\/vc_row][vc_row][vc_column][vc_empty_space height=&#8221;3em&#8221; alter_height=&#8221;none&#8221; hide_on_mobile=&#8221;1&#8243;][vc_empty_space height=&#8221;4.8em&#8221; alter_height=&#8221;none&#8221; hide_on_mobile=&#8221;&#8221;]<div id=\"sc_title_821525016\"\r\n\t\tclass=\"sc_title sc_title_default\"><h6 class=\"sc_item_subtitle sc_title_subtitle sc_align_center sc_item_title_style_default\">Get in Touch<\/h6><h3 class=\"sc_item_title sc_title_title sc_align_center sc_item_title_style_default\">Contact<\/h3><\/div><!-- \/.sc_title -->[vc_empty_space height=&#8221;2em&#8221; alter_height=&#8221;none&#8221; hide_on_mobile=&#8221;1&#8243;][vc_empty_space height=&#8221;4.5em&#8221; alter_height=&#8221;none&#8221; hide_on_mobile=&#8221;&#8221;][\/vc_column][\/vc_row][vc_row equal_height=&#8221;yes&#8221;][vc_column offset=&#8221;vc_col-md-3&#8243;][\/vc_column][vc_column offset=&#8221;vc_col-md-6&#8243;]<div id=\"sc_content_1769448051\"\r\n\t\tclass=\"sc_content sc_content_default sc_float_center sc_content_width_90p\"><div class=\"sc_content_container\"><div role=\"form\" class=\"wpcf7\" id=\"wpcf7-f1580-o1\" lang=\"en-US\" dir=\"ltr\">\n<div class=\"screen-reader-response\"><p role=\"status\" aria-live=\"polite\" aria-atomic=\"true\"><\/p> <ul><\/ul><\/div>\n<form action=\"\/index.php\/wp-json\/wp\/v2\/pages\/45#wpcf7-f1580-o1\" method=\"post\" class=\"wpcf7-form init\" novalidate=\"novalidate\" data-status=\"init\">\n<div style=\"display: none;\">\n<input type=\"hidden\" name=\"_wpcf7\" value=\"1580\" \/>\n<input type=\"hidden\" name=\"_wpcf7_version\" value=\"5.6.4\" \/>\n<input type=\"hidden\" name=\"_wpcf7_locale\" value=\"en_US\" \/>\n<input type=\"hidden\" name=\"_wpcf7_unit_tag\" value=\"wpcf7-f1580-o1\" \/>\n<input type=\"hidden\" name=\"_wpcf7_container_post\" value=\"0\" \/>\n<input type=\"hidden\" name=\"_wpcf7_posted_data_hash\" value=\"\" \/>\n<\/div>\n<div class=\"columns_wrap\">\n<div class=\"column-1_2\">\n\t\t<span class=\"wpcf7-form-control-wrap\" data-name=\"your-name\"><input type=\"text\" name=\"your-name\" value=\"\" size=\"40\" class=\"wpcf7-form-control wpcf7-text wpcf7-validates-as-required\" aria-required=\"true\" aria-invalid=\"false\" placeholder=\"YOUR NAME\" \/><\/span>\n\t<\/div>\n<div class=\"column-1_2\">\n\t\t<span class=\"wpcf7-form-control-wrap\" data-name=\"your-email\"><input type=\"email\" name=\"your-email\" value=\"\" size=\"40\" class=\"wpcf7-form-control wpcf7-text wpcf7-email wpcf7-validates-as-required wpcf7-validates-as-email\" aria-required=\"true\" aria-invalid=\"false\" placeholder=\"YOUR EMAIL\" \/><\/span>\n\t<\/div>\n<\/div>\n<div class=\"columns_wrap\">\n<div class=\"column-1_1\">\n\t\t<span class=\"wpcf7-form-control-wrap\" data-name=\"your-message\"><textarea name=\"your-message\" cols=\"40\" rows=\"10\" class=\"wpcf7-form-control wpcf7-textarea wpcf7-validates-as-required\" aria-required=\"true\" aria-invalid=\"false\" placeholder=\"YOUR MESSAGE\"><\/textarea><\/span><br \/>\n                <span class=\"wpcf7-form-control-wrap wpgdprc\"><span class=\"wpcf7-form-control wpcf7-validates-as-required wpcf7-wpgdprc\"><span class=\"wpcf7-list-item\"><input type=\"checkbox\" name=\"wpgdprc\" value=\"1\" aria-required=\"true\" aria-invalid=\"false\" \/><span class=\"wpcf7-list-item-label\">By using this form you agree with the storage and handling of your data by this website.<\/span><\/span><\/span>    <\/span><br \/>\n                <input type=\"submit\" value=\"SEND MESSAGE\" class=\"wpcf7-form-control has-spinner wpcf7-submit\" \/>\n\t<\/div>\n<\/div>\n<div class=\"wpcf7-response-output\" aria-hidden=\"true\"><\/div><\/form><\/div><\/div><\/div><!-- \/.sc_content -->[vc_empty_space height=&#8221;3em&#8221; alter_height=&#8221;none&#8221; hide_on_mobile=&#8221;1&#8243;][vc_empty_space height=&#8221;3.5em&#8221; alter_height=&#8221;none&#8221; hide_on_mobile=&#8221;&#8221;][\/vc_column][vc_column offset=&#8221;vc_col-md-3&#8243;][\/vc_column][\/vc_row]<\/p>\n","protected":false},"excerpt":{"rendered":"<p>[vc_row][vc_column][vc_empty_space height=&#8221;2.5em&#8221; alter_height=&#8221;none&#8221; hide_on_mobile=&#8221;&#8221;][\/vc_column][\/vc_row][vc_row equal_height=&#8221;yes&#8221; content_placement=&#8221;middle&#8221;][vc_column offset=&#8221;vc_col-md-6&#8243;][\/vc_column][vc_column css=&#8221;.vc_custom_1492777522146{margin-right: 20px !important;margin-left: 20px !important;background-color: #ebe9e6 !important;}&#8221; offset=&#8221;vc_col-md-6&#8243;][\/vc_column][\/vc_row][vc_row][vc_column][vc_empty_space height=&#8221;3em&#8221; alter_height=&#8221;none&#8221; hide_on_mobile=&#8221;1&#8243;][vc_empty_space height=&#8221;4.8em&#8221; alter_height=&#8221;none&#8221; hide_on_mobile=&#8221;&#8221;][vc_empty_space height=&#8221;2em&#8221; alter_height=&#8221;none&#8221; hide_on_mobile=&#8221;1&#8243;][vc_empty_space height=&#8221;4.5em&#8221; alter_height=&#8221;none&#8221; hide_on_mobile=&#8221;&#8221;][\/vc_column][\/vc_row][vc_row equal_height=&#8221;yes&#8221;][vc_column offset=&#8221;vc_col-md-3&#8243;][\/vc_column][vc_column offset=&#8221;vc_col-md-6&#8243;][vc_empty_space height=&#8221;3em&#8221; alter_height=&#8221;none&#8221; hide_on_mobile=&#8221;1&#8243;][vc_empty_space height=&#8221;3.5em&#8221; alter_height=&#8221;none&#8221; hide_on_mobile=&#8221;&#8221;][\/vc_column][vc_column offset=&#8221;vc_col-md-3&#8243;][\/vc_column][\/vc_row]<\/p>\n","protected":false},"author":1,"featured_media":0,"parent":0,"menu_order":0,"comment_status":"closed","ping_status":"closed","template":"","meta":{"footnotes":""},"class_list":["post-45","page","type-page","status-publish","hentry"],"_links":{"self":[{"href":"https:\/\/alfatayt.com.tr\/index.php\/wp-json\/wp\/v2\/pages\/45","targetHints":{"allow":["GET"]}}],"collection":[{"href":"https:\/\/alfatayt.com.tr\/index.php\/wp-json\/wp\/v2\/pages"}],"about":[{"href":"https:\/\/alfatayt.com.tr\/index.php\/wp-json\/wp\/v2\/types\/page"}],"author":[{"embeddable":true,"href":"https:\/\/alfatayt.com.tr\/index.php\/wp-json\/wp\/v2\/users\/1"}],"replies":[{"embeddable":true,"href":"https:\/\/alfatayt.com.tr\/index.php\/wp-json\/wp\/v2\/comments?post=45"}],"version-history":[{"count":3,"href":"https:\/\/alfatayt.com.tr\/index.php\/wp-json\/wp\/v2\/pages\/45\/revisions"}],"predecessor-version":[{"id":1652,"href":"https:\/\/alfatayt.com.tr\/index.php\/wp-json\/wp\/v2\/pages\/45\/revisions\/1652"}],"wp:attachment":[{"href":"https:\/\/alfatayt.com.tr\/index.php\/wp-json\/wp\/v2\/media?parent=45"}],"curies":[{"name":"wp","href":"https:\/\/api.w.org\/{rel}","templated":true}]}}