{"id":37,"date":"2017-03-24T12:31:38","date_gmt":"2017-03-24T12:31:38","guid":{"rendered":"https:\/\/alfatayt.com.tr\/?page_id=37"},"modified":"2022-11-02T16:33:04","modified_gmt":"2022-11-02T13:33:04","slug":"about-us-style-1","status":"publish","type":"page","link":"https:\/\/alfatayt.com.tr\/index.php\/about-us-style-1\/","title":{"rendered":"Hakk\u0131m\u0131zda"},"content":{"rendered":"<p>[vc_row][vc_column][vc_empty_space height=&#8221;2.5em&#8221; alter_height=&#8221;none&#8221; hide_on_mobile=&#8221;&#8221;][\/vc_column][\/vc_row][vc_row equal_height=&#8221;yes&#8221;][vc_column css=&#8221;.vc_custom_1492438904748{margin-right: 20px !important;margin-left: 20px !important;background-color: #ebe9e6 !important;}&#8221; offset=&#8221;vc_col-lg-6 vc_col-md-12&#8243;][vc_empty_space height=&#8221;1.6em&#8221; alter_height=&#8221;none&#8221; hide_on_mobile=&#8221;&#8221;]<div  id=\"sc_promo_745147800\" \r\n\tclass=\"sc_promo sc_promo_default sc_promo_size_normal sc_promo_no_image\"><div class=\"sc_promo_text\" style=\"width: 100%;\">\r\n\t\t\t<div class=\"sc_promo_text_inner\" style=\"\"><h6 class=\"sc_item_subtitle sc_promo_subtitle sc_align_left sc_item_title_style_default\">Ho\u015fgeldiniz<\/h6><h3 class=\"sc_item_title sc_promo_title sc_align_left sc_item_title_style_default\"><i>Alfa<\/i> Tayt<\/h3><div class=\"sc_item_descr sc_promo_descr sc_align_left\"><p>\u00dclkemizde desenli, d\u00fcz renk, par\u0131lt\u0131l\u0131 (glitter), toparlay\u0131c\u0131 (push up), kadifemsi (velvet), deri g\u00f6r\u00fcn\u00fcml\u00fc (leatherx) taytlar\u0131n \u00fcretiminde \u00f6nc\u00fc rol oynamaktad\u0131r.<\/p>\n<p>Alfa Tayt, emin ad\u0131mlarla yoluna devam etmekte ve b\u00f6lgesel bir marka olmaktan d\u00fcnya markas\u0131 olmaya do\u011fru ilerlemektedir.<\/p>\n<p>\u00c7a\u011fda\u015f d\u00fcnyan\u0131n teknolojik ve tasar\u0131mla ilgili de\u011fi\u015fimini bir ad\u0131m \u00f6nde takip eden Alfa Tayt; ak\u0131ll\u0131 kuma\u015flar ve c\u0131v\u0131l c\u0131v\u0131l renklerden ultra modern tasar\u0131ml\u0131 taytlar \u00fcretmektedir.<\/p>\n<p>Yeni \u00e7\u0131kard\u0131\u011f\u0131m\u0131z her koleksiyonda kalitesini \u00f6zg\u00fcnle\u015ftirmekte ve \u00fclkemizdeki tayt tutkunlar\u0131, \u00dcretimimiz XS\u2019dan XL\u2019a kadar b\u00fct\u00fcn bedenleri kapsamaktad\u0131r. Alfa Tayt'ta kullan\u0131lan renkler, markam\u0131z\u0131n minimal ve renkli d\u00fcnyas\u0131n\u0131 tayt tutkunlar\u0131yla bulu\u015fturmaktad\u0131r. Alfa Tayt Konseptini ke\u015ffedece\u011finizden eminiz.<\/p>\n<\/div><div class=\"sc_promo_content sc_item_content\">[vc_empty_space height=&#8221;1em&#8221; alter_height=&#8221;none&#8221; hide_on_mobile=&#8221;&#8221;]<\/div><\/div>\r\n\t\t<\/div><!-- \/.sc_promo_text --><\/div><!-- \/.sc_promo -->[\/vc_column][vc_column width=&#8221;1\/2&#8243; offset=&#8221;vc_hidden-lg&#8221;][vc_empty_space height=&#8221;1.5em&#8221; alter_height=&#8221;none&#8221; hide_on_mobile=&#8221;&#8221;][\/vc_column][vc_column offset=&#8221;vc_col-lg-6 vc_col-md-12&#8243;]<div id=\"widget_slider_1766012736\" class=\"widget_area sc_widget_slider vc_widget_slider wpb_content_element\"><aside id=\"widget_slider_1766012736_widget\" class=\"widget widget_slider\">            <div class=\"slider_wrap slider_engine_swiper\">\r\n\t\t\t\t<div id=\"widget_slider_1766012736_outer\" class=\"slider_swiper_outer slider_style_default slider_outer_direction_horizontal slider_outer_controls slider_outer_controls_side slider_outer_nopagination slider_outer_titles_center slider_outer_one\"><div id=\"widget_slider_1766012736_swiper\" class=\"slider_swiper swiper-slider-container slider_direction_horizontal slider_controls slider_controls_side slider_nopagination slider_titles_center slider_one slider_resize slider_height_auto slider_type_bg\" data-ratio=\"45:31\" data-interval=\"7000\" data-effect=\"slide\" data-pagination=\"bullets\" data-direction=\"horizontal\" data-slides-per-view=\"1\" data-slides-space=\"0\">\r\n\t\t\t\t\t\t<div class=\"swiper-wrapper\"><div  class=\"swiper-slide\" data-image=\"https:\/\/alfatayt.com.tr\/wp-content\/uploads\/2022\/11\/5.jpg\" style=\"background-image:url(https:\/\/alfatayt.com.tr\/wp-content\/uploads\/2022\/11\/5.jpg);\"><\/div><div  class=\"swiper-slide\" data-image=\"https:\/\/alfatayt.com.tr\/wp-content\/uploads\/2022\/11\/portrait-beautiful-lady-sporty-top-leggings-sitting-lotus-pose-meditating-yoga-mat-while-listening-music-earphones-home.jpg\" style=\"background-image:url(https:\/\/alfatayt.com.tr\/wp-content\/uploads\/2022\/11\/portrait-beautiful-lady-sporty-top-leggings-sitting-lotus-pose-meditating-yoga-mat-while-listening-music-earphones-home.jpg);\"><\/div><div  class=\"swiper-slide\" data-image=\"https:\/\/alfatayt.com.tr\/wp-content\/uploads\/2022\/11\/studio-shot-slim-girl-claps-hands-does-arm-balance-exercises-works-out-loft-interior-keeps-diet-has-healthy-lifestyle.jpg\" style=\"background-image:url(https:\/\/alfatayt.com.tr\/wp-content\/uploads\/2022\/11\/studio-shot-slim-girl-claps-hands-does-arm-balance-exercises-works-out-loft-interior-keeps-diet-has-healthy-lifestyle.jpg);\"><\/div><div  class=\"swiper-slide\" data-image=\"https:\/\/alfatayt.com.tr\/wp-content\/uploads\/2022\/11\/Untitled-2.jpg\" style=\"background-image:url(https:\/\/alfatayt.com.tr\/wp-content\/uploads\/2022\/11\/Untitled-2.jpg);\"><\/div><\/div><!-- \/.swiper-wripper --><div class=\"slider_controls_wrap\"><a class=\"slider_prev swiper-button-prev\" href=\"#\"><\/a><a class=\"slider_next swiper-button-next\" href=\"#\"><\/a><\/div><\/div><!-- \/.slider_swiper --><\/div><!-- \/.slider_swiper_outer -->            <\/div>\r\n\t\t\t<\/aside><\/div>[\/vc_column][\/vc_row][vc_row][vc_column][vc_empty_space height=&#8221;50px&#8221; hide_on_mobile=&#8221;&#8221;][\/vc_column][\/vc_row]<\/p>\n","protected":false},"excerpt":{"rendered":"<p>[vc_row][vc_column][vc_empty_space height=&#8221;2.5em&#8221; alter_height=&#8221;none&#8221; hide_on_mobile=&#8221;&#8221;][\/vc_column][\/vc_row][vc_row equal_height=&#8221;yes&#8221;][vc_column css=&#8221;.vc_custom_1492438904748{margin-right: 20px !important;margin-left: 20px !important;background-color: #ebe9e6 !important;}&#8221; offset=&#8221;vc_col-lg-6 vc_col-md-12&#8243;][vc_empty_space height=&#8221;1.6em&#8221; alter_height=&#8221;none&#8221; hide_on_mobile=&#8221;&#8221;][\/vc_column][vc_column width=&#8221;1\/2&#8243; offset=&#8221;vc_hidden-lg&#8221;][vc_empty_space height=&#8221;1.5em&#8221; alter_height=&#8221;none&#8221; hide_on_mobile=&#8221;&#8221;][\/vc_column][vc_column offset=&#8221;vc_col-lg-6 vc_col-md-12&#8243;][\/vc_column][\/vc_row][vc_row][vc_column][vc_empty_space height=&#8221;50px&#8221; hide_on_mobile=&#8221;&#8221;][\/vc_column][\/vc_row]<\/p>\n","protected":false},"author":1,"featured_media":0,"parent":0,"menu_order":0,"comment_status":"closed","ping_status":"closed","template":"","meta":{"footnotes":""},"class_list":["post-37","page","type-page","status-publish","hentry"],"_links":{"self":[{"href":"https:\/\/alfatayt.com.tr\/index.php\/wp-json\/wp\/v2\/pages\/37","targetHints":{"allow":["GET"]}}],"collection":[{"href":"https:\/\/alfatayt.com.tr\/index.php\/wp-json\/wp\/v2\/pages"}],"about":[{"href":"https:\/\/alfatayt.com.tr\/index.php\/wp-json\/wp\/v2\/types\/page"}],"author":[{"embeddable":true,"href":"https:\/\/alfatayt.com.tr\/index.php\/wp-json\/wp\/v2\/users\/1"}],"replies":[{"embeddable":true,"href":"https:\/\/alfatayt.com.tr\/index.php\/wp-json\/wp\/v2\/comments?post=37"}],"version-history":[{"count":7,"href":"https:\/\/alfatayt.com.tr\/index.php\/wp-json\/wp\/v2\/pages\/37\/revisions"}],"predecessor-version":[{"id":1647,"href":"https:\/\/alfatayt.com.tr\/index.php\/wp-json\/wp\/v2\/pages\/37\/revisions\/1647"}],"wp:attachment":[{"href":"https:\/\/alfatayt.com.tr\/index.php\/wp-json\/wp\/v2\/media?parent=37"}],"curies":[{"name":"wp","href":"https:\/\/api.w.org\/{rel}","templated":true}]}}