{"id":29,"date":"2017-03-24T12:30:03","date_gmt":"2017-03-24T12:30:03","guid":{"rendered":"https:\/\/alfatayt.com.tr\/?page_id=29"},"modified":"2022-11-02T16:43:47","modified_gmt":"2022-11-02T13:43:47","slug":"home","status":"publish","type":"page","link":"https:\/\/alfatayt.com.tr\/","title":{"rendered":"Anasayfa"},"content":{"rendered":"<p>[vc_row][vc_column]<div id=\"widget_slider_1237364797\" class=\"widget_area sc_widget_slider vc_widget_slider wpb_content_element\"><aside id=\"widget_slider_1237364797_widget\" class=\"widget widget_slider\">            <div class=\"slider_wrap slider_engine_revo slider_alias_main\">\r\n\t\t\t\t<div class=\"wp-block-themepunch-revslider 0\">\n\t\t\t<!-- START main REVOLUTION SLIDER 6.5.25 --><p class=\"rs-p-wp-fix\"><\/p>\n\t\t\t<rs-module-wrap id=\"rev_slider_2_1_wrapper\" data-source=\"gallery\" style=\"visibility:hidden;background:transparent;padding:0;margin:0px auto;margin-top:0;margin-bottom:0;\">\n\t\t\t\t<rs-module id=\"rev_slider_2_1\" style=\"\" data-version=\"6.5.25\">\n\t\t\t\t\t<rs-slides>\n\t\t\t\t\t\t<rs-slide style=\"position: absolute;\" data-key=\"rs-4\" data-title=\"Slide\" data-anim=\"ms:600;\" data-in=\"o:0;\" data-out=\"a:false;\">\n\t\t\t\t\t\t\t<img decoding=\"async\" src=\"\/\/alfatayt.com.tr\/wp-content\/plugins\/revslider\/public\/assets\/assets\/dummy.png\" alt=\"\" title=\"5\" width=\"1920\" height=\"1280\" class=\"rev-slidebg tp-rs-img rs-lazyload\" data-lazyload=\"\/\/alfatayt.com.tr\/wp-content\/uploads\/2022\/11\/5.jpg\" data-no-retina>\n<!--\n\t\t\t\t\t\t\t--><rs-layer\n\t\t\t\t\t\t\t\tid=\"slider-2-slide-4-layer-1\" \n\t\t\t\t\t\t\t\tclass=\"style_text_size_1\"\n\t\t\t\t\t\t\t\tdata-type=\"text\"\n\t\t\t\t\t\t\t\tdata-color=\"#ffffff\"\n\t\t\t\t\t\t\t\tdata-rsp_ch=\"on\"\n\t\t\t\t\t\t\t\tdata-xy=\"x:496px;y:225px;\"\n\t\t\t\t\t\t\t\tdata-text=\"s:100;l:110;ls:-2px;fw:700;a:inherit;\"\n\t\t\t\t\t\t\t\tdata-frame_0=\"y:top;o:1;\"\n\t\t\t\t\t\t\t\tdata-frame_1=\"sp:1500;sR:10;\"\n\t\t\t\t\t\t\t\tdata-frame_999=\"o:0;st:w;sp:600;sR:7490;\"\n\t\t\t\t\t\t\t\tstyle=\"z-index:5;font-family:'Montserrat';text-transform:uppercase;\"\n\t\t\t\t\t\t\t>Renkli \n\t\t\t\t\t\t\t<\/rs-layer><!--\n\n\t\t\t\t\t\t\t--><rs-layer\n\t\t\t\t\t\t\t\tid=\"slider-2-slide-4-layer-2\" \n\t\t\t\t\t\t\t\tclass=\"text_size_1\"\n\t\t\t\t\t\t\t\tdata-type=\"text\"\n\t\t\t\t\t\t\t\tdata-color=\"#007aff\"\n\t\t\t\t\t\t\t\tdata-rsp_ch=\"on\"\n\t\t\t\t\t\t\t\tdata-xy=\"x:565px;y:323px;\"\n\t\t\t\t\t\t\t\tdata-text=\"s:140;l:150;ls:-3px;fw:700;a:inherit;\"\n\t\t\t\t\t\t\t\tdata-frame_0=\"x:50px;\"\n\t\t\t\t\t\t\t\tdata-frame_1=\"sp:1500;sR:10;\"\n\t\t\t\t\t\t\t\tdata-frame_999=\"o:0;st:w;sp:600;sR:7490;\"\n\t\t\t\t\t\t\t\tstyle=\"z-index:6;font-family:'Montserrat';text-transform:uppercase;\"\n\t\t\t\t\t\t\t>Rahat \n\t\t\t\t\t\t\t<\/rs-layer><!--\n-->\t\t\t\t\t\t<\/rs-slide>\n\t\t\t\t\t\t<rs-slide style=\"position: absolute;\" data-key=\"rs-5\" data-title=\"Slide\" data-anim=\"ms:600;\" data-in=\"o:0;\" data-out=\"a:false;\">\n\t\t\t\t\t\t\t<img decoding=\"async\" src=\"\/\/alfatayt.com.tr\/wp-content\/plugins\/revslider\/public\/assets\/assets\/dummy.png\" alt=\"\" title=\"Pretty lady in sporty top and leggings sitting in lotus pose meditating on yoga mat listening music\" width=\"1920\" height=\"1280\" class=\"rev-slidebg tp-rs-img rs-lazyload\" data-lazyload=\"\/\/alfatayt.com.tr\/wp-content\/uploads\/2022\/11\/portrait-beautiful-lady-sporty-top-leggings-sitting-lotus-pose-meditating-yoga-mat-while-listening-music-earphones-home.jpg\" data-no-retina>\n<!--\n\t\t\t\t\t\t\t--><rs-layer\n\t\t\t\t\t\t\t\tid=\"slider-2-slide-5-layer-1\" \n\t\t\t\t\t\t\t\tclass=\"style_text_size_1\"\n\t\t\t\t\t\t\t\tdata-type=\"text\"\n\t\t\t\t\t\t\t\tdata-color=\"#ffffff\"\n\t\t\t\t\t\t\t\tdata-rsp_ch=\"on\"\n\t\t\t\t\t\t\t\tdata-xy=\"x:40px;y:124px;\"\n\t\t\t\t\t\t\t\tdata-text=\"s:100;l:110;ls:-2px;fw:700;a:inherit;\"\n\t\t\t\t\t\t\t\tdata-frame_0=\"y:top;o:1;\"\n\t\t\t\t\t\t\t\tdata-frame_1=\"sp:1500;sR:10;\"\n\t\t\t\t\t\t\t\tdata-frame_999=\"o:0;st:w;sp:600;sR:7490;\"\n\t\t\t\t\t\t\t\tstyle=\"z-index:5;font-family:'Montserrat';text-transform:uppercase;\"\n\t\t\t\t\t\t\t>Alfa! Alfa! \n\t\t\t\t\t\t\t<\/rs-layer><!--\n\n\t\t\t\t\t\t\t--><rs-layer\n\t\t\t\t\t\t\t\tid=\"slider-2-slide-5-layer-2\" \n\t\t\t\t\t\t\t\tclass=\"text_size_1\"\n\t\t\t\t\t\t\t\tdata-type=\"text\"\n\t\t\t\t\t\t\t\tdata-color=\"#c33442\"\n\t\t\t\t\t\t\t\tdata-rsp_ch=\"on\"\n\t\t\t\t\t\t\t\tdata-xy=\"x:40px;y:222px;\"\n\t\t\t\t\t\t\t\tdata-text=\"s:140;l:150;ls:-3px;fw:700;a:inherit;\"\n\t\t\t\t\t\t\t\tdata-frame_0=\"x:50px;\"\n\t\t\t\t\t\t\t\tdata-frame_1=\"sp:1500;sR:10;\"\n\t\t\t\t\t\t\t\tdata-frame_999=\"o:0;st:w;sp:600;sR:7490;\"\n\t\t\t\t\t\t\t\tstyle=\"z-index:6;font-family:'Montserrat';text-transform:uppercase;\"\n\t\t\t\t\t\t\t>Alfa! \n\t\t\t\t\t\t\t<\/rs-layer><!--\n-->\t\t\t\t\t\t<\/rs-slide>\n\t\t\t\t\t\t<rs-slide style=\"position: absolute;\" data-key=\"rs-6\" data-title=\"Slide\" data-anim=\"ms:600;\" data-in=\"o:0;\" data-out=\"a:false;\">\n\t\t\t\t\t\t\t<img decoding=\"async\" src=\"\/\/alfatayt.com.tr\/wp-content\/plugins\/revslider\/public\/assets\/assets\/dummy.png\" alt=\"\" title=\"Studio shot of slim girl claps hands, does arm balance exercises, works out in loft interior, keeps to diet, has healthy lifestyle, dressed in sportsclothes, poses against grey background indoor\" width=\"1920\" height=\"1280\" class=\"rev-slidebg tp-rs-img rs-lazyload\" data-lazyload=\"\/\/alfatayt.com.tr\/wp-content\/uploads\/2022\/11\/studio-shot-slim-girl-claps-hands-does-arm-balance-exercises-works-out-loft-interior-keeps-diet-has-healthy-lifestyle.jpg\" data-no-retina>\n<!--\n\t\t\t\t\t\t\t--><rs-layer\n\t\t\t\t\t\t\t\tid=\"slider-2-slide-6-layer-1\" \n\t\t\t\t\t\t\t\tclass=\"style_text_size_1\"\n\t\t\t\t\t\t\t\tdata-type=\"text\"\n\t\t\t\t\t\t\t\tdata-color=\"#ffffff\"\n\t\t\t\t\t\t\t\tdata-rsp_ch=\"on\"\n\t\t\t\t\t\t\t\tdata-xy=\"x:57px;y:203px;\"\n\t\t\t\t\t\t\t\tdata-text=\"s:100;l:110;ls:-2px;fw:700;a:inherit;\"\n\t\t\t\t\t\t\t\tdata-frame_0=\"y:top;o:1;\"\n\t\t\t\t\t\t\t\tdata-frame_1=\"sp:1500;sR:10;\"\n\t\t\t\t\t\t\t\tdata-frame_999=\"o:0;st:w;sp:600;sR:7490;\"\n\t\t\t\t\t\t\t\tstyle=\"z-index:5;font-family:'Montserrat';text-transform:uppercase;\"\n\t\t\t\t\t\t\t>Hayat\u0131n \n\t\t\t\t\t\t\t<\/rs-layer><!--\n\n\t\t\t\t\t\t\t--><rs-layer\n\t\t\t\t\t\t\t\tid=\"slider-2-slide-6-layer-2\" \n\t\t\t\t\t\t\t\tclass=\"text_size_1\"\n\t\t\t\t\t\t\t\tdata-type=\"text\"\n\t\t\t\t\t\t\t\tdata-color=\"#c33442\"\n\t\t\t\t\t\t\t\tdata-rsp_ch=\"on\"\n\t\t\t\t\t\t\t\tdata-xy=\"x:106px;y:303px;\"\n\t\t\t\t\t\t\t\tdata-text=\"s:140;l:150;ls:-3px;fw:700;a:inherit;\"\n\t\t\t\t\t\t\t\tdata-frame_0=\"x:50px;\"\n\t\t\t\t\t\t\t\tdata-frame_1=\"sp:1500;sR:10;\"\n\t\t\t\t\t\t\t\tdata-frame_999=\"o:0;st:w;sp:600;sR:7490;\"\n\t\t\t\t\t\t\t\tstyle=\"z-index:6;font-family:'Montserrat';text-transform:uppercase;\"\n\t\t\t\t\t\t\t>tad\u0131n\u0131 \u00e7\u0131kar! \n\t\t\t\t\t\t\t<\/rs-layer><!--\n-->\t\t\t\t\t\t<\/rs-slide>\n\t\t\t\t\t<\/rs-slides>\n\t\t\t\t<\/rs-module>\n\t\t\t\t<script>\n\t\t\t\t\tsetREVStartSize({c: 'rev_slider_2_1',rl:[1240,1024,778,480],el:[900],gw:[1640],gh:[900],type:'standard',justify:'',layout:'fullwidth',mh:\"0\"});if (window.RS_MODULES!==undefined && window.RS_MODULES.modules!==undefined && window.RS_MODULES.modules[\"revslider21\"]!==undefined) {window.RS_MODULES.modules[\"revslider21\"].once = false;window.revapi2 = undefined;if (window.RS_MODULES.checkMinimal!==undefined) window.RS_MODULES.checkMinimal()}\n\t\t\t\t<\/script>\n\t\t\t<\/rs-module-wrap>\n\t\t\t<!-- END REVOLUTION SLIDER -->\n<\/div>            <\/div>\r\n\t\t\t<\/aside><\/div>[\/vc_column][\/vc_row][vc_row][vc_column width=&#8221;1\/2&#8243; offset=&#8221;vc_col-md-3&#8243;][vc_empty_space height=&#8221;2.5em&#8221; alter_height=&#8221;none&#8221; hide_on_mobile=&#8221;&#8221;]<div  id=\"sc_action_1501222021\" \r\n\tclass=\"sc_action sc_action_default\"><div class=\"sc_action_content sc_item_content\"><div class=\"sc_action_item sc_action_item_default with_image sc_action_fixed_height sc_action_item_mc\" style=\"background-image:url(https:\/\/alfatayt.com.tr\/wp-content\/uploads\/2022\/11\/up-fit-tayt-push-up-nightblue-dafc-1170x736.jpg);height:26.5em;overflow:hidden;\">\r\n\t\t\t\t\t\t\t<div class=\"sc_action_item_mask\"><\/div>\r\n\t\t\t\t<div class=\"sc_action_item_inner\">\r\n\t\t\t\t<a href=\"#\" class=\"sc_action_item_link\">Push Up<\/a><\/div><!-- \/.sc_action_item_inner --><\/div><\/div><\/div><!-- \/.sc_action -->[\/vc_column][vc_column width=&#8221;1\/2&#8243; offset=&#8221;vc_col-md-3&#8243;][vc_empty_space height=&#8221;2.5em&#8221; alter_height=&#8221;none&#8221; hide_on_mobile=&#8221;&#8221;]<div  id=\"sc_action_1068975093\" \r\n\tclass=\"sc_action sc_action_default\"><div class=\"sc_action_content sc_item_content\"><div class=\"sc_action_item sc_action_item_default with_image sc_action_fixed_height sc_action_item_mc\" style=\"background-image:url(https:\/\/alfatayt.com.tr\/wp-content\/uploads\/2022\/11\/up-fit-tayt-glitter-cherry-0261-1170x736.jpg);height:26.5em;overflow:hidden;\">\r\n\t\t\t\t\t\t\t<div class=\"sc_action_item_mask\"><\/div>\r\n\t\t\t\t<div class=\"sc_action_item_inner\">\r\n\t\t\t\t<a href=\"#\" class=\"sc_action_item_link\">Glitter<\/a><\/div><!-- \/.sc_action_item_inner --><\/div><\/div><\/div><!-- \/.sc_action -->[\/vc_column][vc_column width=&#8221;1\/2&#8243; offset=&#8221;vc_col-md-3&#8243;][vc_empty_space height=&#8221;2.5em&#8221; alter_height=&#8221;none&#8221; hide_on_mobile=&#8221;&#8221;]<div  id=\"sc_action_2060837287\" \r\n\tclass=\"sc_action sc_action_default\"><div class=\"sc_action_content sc_item_content\"><div class=\"sc_action_item sc_action_item_default with_image sc_action_fixed_height sc_action_item_mc\" style=\"background-image:url(https:\/\/alfatayt.com.tr\/wp-content\/uploads\/2022\/11\/up-fit-tayt-leatherx-plum-8faf-1170x736.jpg);height:26.5em;overflow:hidden;\">\r\n\t\t\t\t\t\t\t<div class=\"sc_action_item_mask\"><\/div>\r\n\t\t\t\t<div class=\"sc_action_item_inner\">\r\n\t\t\t\t<a href=\"#\" class=\"sc_action_item_link\">LeatherX<\/a><\/div><!-- \/.sc_action_item_inner --><\/div><\/div><\/div><!-- \/.sc_action -->[\/vc_column][vc_column width=&#8221;1\/2&#8243; offset=&#8221;vc_col-md-3&#8243;][vc_empty_space height=&#8221;2.5em&#8221; alter_height=&#8221;none&#8221; hide_on_mobile=&#8221;&#8221;]<div  id=\"sc_action_189799404\" \r\n\tclass=\"sc_action sc_action_default\"><div class=\"sc_action_content sc_item_content\"><div class=\"sc_action_item sc_action_item_default with_image sc_action_fixed_height sc_action_item_mc\" style=\"background-image:url(https:\/\/alfatayt.com.tr\/wp-content\/uploads\/2022\/11\/up-fit-tayt-velvet-dama-55b5-1170x736.jpg);height:26.5em;overflow:hidden;\">\r\n\t\t\t\t\t\t\t<div class=\"sc_action_item_mask\"><\/div>\r\n\t\t\t\t<div class=\"sc_action_item_inner\">\r\n\t\t\t\t<a href=\"#\" class=\"sc_action_item_link\">Velvet<\/a><\/div><!-- \/.sc_action_item_inner --><\/div><\/div><\/div><!-- \/.sc_action -->[\/vc_column][\/vc_row][vc_row][vc_column][vc_empty_space height=&#8221;4em&#8221; alter_height=&#8221;none&#8221; hide_on_mobile=&#8221;&#8221;][vc_empty_space height=&#8221;3.8em&#8221; alter_height=&#8221;none&#8221; hide_on_mobile=&#8221;1&#8243;]<div id=\"sc_title_1624317605\"\r\n\t\tclass=\"sc_title sc_title_default\"><h6 class=\"sc_item_subtitle sc_title_subtitle sc_align_center sc_item_title_style_default\">Rahatl\u0131\u011f\u0131<\/h6><h3 class=\"sc_item_title sc_title_title sc_align_center sc_item_title_style_default\">Takip Et!<\/h3><\/div><!-- \/.sc_title -->[vc_empty_space height=&#8221;3em&#8221; alter_height=&#8221;none&#8221; hide_on_mobile=&#8221;1&#8243;][vc_empty_space height=&#8221;4em&#8221; alter_height=&#8221;none&#8221; hide_on_mobile=&#8221;&#8221;][\/vc_column][\/vc_row][vc_row equal_height=&#8221;yes&#8221; content_placement=&#8221;middle&#8221;][vc_column css=&#8221;.vc_custom_1492700725457{margin-right: 20px !important;margin-left: 20px !important;background-color: #ebe9e6 !important;}&#8221; offset=&#8221;vc_col-lg-6&#8243;][vc_empty_space height=&#8221;3em&#8221; alter_height=&#8221;none&#8221; hide_on_mobile=&#8221;&#8221;]<div  id=\"sc_promo_1603405672\" \r\n\tclass=\"sc_promo sc_promo_default sc_promo_size_normal sc_promo_no_image\"><div class=\"sc_promo_text\" style=\"width: 100%;\">\r\n\t\t\t<div class=\"sc_promo_text_inner\" style=\"\"><h6 class=\"sc_item_subtitle sc_promo_subtitle sc_align_left sc_item_title_style_default\">K\u0131saca<\/h6><h3 class=\"sc_item_title sc_promo_title sc_align_left sc_item_title_style_default\"><i>Hakk\u0131m\u0131zda<\/i><\/h3><div class=\"sc_item_descr sc_promo_descr sc_align_left\"><p>\u00dclkemizde desenli, d\u00fcz renk, par\u0131lt\u0131l\u0131 (glitter), toparlay\u0131c\u0131 (push up), kadifemsi (velvet), deri g\u00f6r\u00fcn\u00fcml\u00fc (leatherx) taytlar\u0131n \u00fcretiminde \u00f6nc\u00fc rol oynamaktad\u0131r. \u00c7a\u011fda\u015f d\u00fcnyan\u0131n teknolojik ve tasar\u0131mla ilgili de\u011fi\u015fimini bir ad\u0131m \u00f6nde takip eden Alfa Tayt; ak\u0131ll\u0131 kuma\u015flar ve c\u0131v\u0131l c\u0131v\u0131l renklerden ultra modern tasar\u0131ml\u0131 taytlar \u00fcretmektedir.<\/p>\n<p>Yeni \u00e7\u0131kard\u0131\u011f\u0131m\u0131z her koleksiyonda kalitesini \u00f6zg\u00fcnle\u015ftirmekte ve \u00fclkemizdeki tayt tutkunlar\u0131, Alfa Tayt sayesinde 21. y\u00fczy\u0131l\u0131n yeni tayt modellerine d\u00fcnyadaki tayt tutkunlar\u0131ndan \u00e7ak daha \u00f6nce ula\u015fmaktad\u0131rlar. \u00dcretimimiz XS\u2019dan XL\u2019a kadar b\u00fct\u00fcn bedenleri kapsamaktad\u0131r.<\/p>\n<p>Kullan\u0131land\u0131\u011f\u0131m\u0131z renkler, markam\u0131z\u0131n minimal ve renkli d\u00fcnyas\u0131n\u0131 tayt tutkunlar\u0131yla bulu\u015fturmaktad\u0131r. Ma\u011fazam\u0131za girdi\u011finizde, \u00f6zg\u00fcn bir tayt ma\u011fazas\u0131na girdi\u011finizin ayr\u0131cal\u0131\u011f\u0131n\u0131 ya\u015fars\u0131n\u0131z. Renklerden ask\u0131lara, kabinden zemine kadar her detay, sizi Alfa Tayt taytlar\u0131 ile b\u00fct\u00fcnle\u015ftirir. Alfa Tayt Konseptini ke\u015ffedece\u011finizden eminiz.<\/p>\n<\/div><div class=\"sc_promo_content sc_item_content\">[vc_empty_space height=&#8221;0.5em&#8221; alter_height=&#8221;none&#8221; hide_on_mobile=&#8221;1&#8243;]<div id=\"sc_skills_37348952\"\r\n\t\tclass=\"sc_skills sc_skills_counter\"\r\n\t\t\t\tdata-type=\"counter\"\r\n\t\t><div class=\"sc_skills_columns sc_item_columns trx_addons_columns_wrap columns_padding_bottom\"><div class=\"sc_skills_column trx_addons_column-1_3\"><div class=\"sc_skills_item_wrap\"><div class=\"sc_skills_item\"><div class=\"sc_skills_icon Array\"><\/div><div class=\"sc_skills_total\" data-start=\"0\" data-stop=\"20000\" data-step=\"1\" data-max=\"100\" data-speed=\"24\" data-duration=\"480000\" data-ed=\"\">0<\/div><\/div><div class=\"sc_skills_item_title\">Mutlu M\u00fc\u015fteri<\/div><\/div><\/div><div class=\"sc_skills_column trx_addons_column-1_3\"><div class=\"sc_skills_item_wrap\"><div class=\"sc_skills_item\"><div class=\"sc_skills_icon Array\"><\/div><div class=\"sc_skills_total\" data-start=\"0\" data-stop=\"150\" data-step=\"1\" data-max=\"100\" data-speed=\"32\" data-duration=\"4800\" data-ed=\"\">0<\/div><\/div><div class=\"sc_skills_item_title\">\u00dcr\u00fcn \u00c7e\u015fidi<\/div><\/div><\/div><div class=\"sc_skills_column trx_addons_column-1_3\"><div class=\"sc_skills_item_wrap\"><div class=\"sc_skills_item\"><div class=\"sc_skills_icon Array\"><\/div><div class=\"sc_skills_total\" data-start=\"0\" data-stop=\"26\" data-step=\"1\" data-max=\"100\" data-speed=\"14\" data-duration=\"364\" data-ed=\"\">0<\/div><\/div><div class=\"sc_skills_item_title\">Sat\u0131\u015f Noktas\u0131<\/div><\/div><\/div><\/div><\/div><\/div><\/div>\r\n\t\t<\/div><!-- \/.sc_promo_text --><\/div><!-- \/.sc_promo -->[vc_empty_space height=&#8221;1.5em&#8221; alter_height=&#8221;none&#8221; hide_on_mobile=&#8221;&#8221;][\/vc_column][vc_column width=&#8221;1\/2&#8243; offset=&#8221;vc_hidden-lg&#8221;][vc_empty_space height=&#8221;1.5em&#8221; alter_height=&#8221;none&#8221; hide_on_mobile=&#8221;&#8221;][\/vc_column][vc_column offset=&#8221;vc_col-lg-6&#8243;]<div id=\"sc_content_1225529881\"\r\n\t\tclass=\"sc_content sc_content_default sc_float_center\"><div class=\"sc_content_container\"><div id=\"widget_banner_3500234\" class=\"widget_area sc_widget_banner vc_widget_banner wpb_content_element\"><aside id=\"widget_banner_3500234_widget\" class=\"widget widget_banner\"><a href=\"#\" class=\"image_wrap\"><img loading=\"lazy\" decoding=\"async\" src=\"https:\/\/alfatayt.com.tr\/wp-content\/uploads\/2022\/11\/Untitled-2.jpg\" alt=\"\" width=\"892\" height=\"733\"><\/a><\/aside><\/div><\/div><\/div><!-- \/.sc_content -->[\/vc_column][\/vc_row][vc_row][vc_column][vc_empty_space height=&#8221;4em&#8221; alter_height=&#8221;none&#8221; hide_on_mobile=&#8221;&#8221;][vc_empty_space height=&#8221;3.8em&#8221; alter_height=&#8221;none&#8221; hide_on_mobile=&#8221;1&#8243;]<div id=\"sc_title_174250449\"\r\n\t\tclass=\"sc_title sc_title_default\"><h6 class=\"sc_item_subtitle sc_title_subtitle sc_align_center sc_item_title_style_default\">Hayat Gibi<\/h6><h3 class=\"sc_item_title sc_title_title sc_align_center sc_item_title_style_default\">Sarar<\/h3><\/div><!-- \/.sc_title -->[vc_empty_space height=&#8221;4em&#8221; alter_height=&#8221;none&#8221; hide_on_mobile=&#8221;&#8221;][vc_empty_space height=&#8221;3em&#8221; alter_height=&#8221;none&#8221; hide_on_mobile=&#8221;1&#8243;][\/vc_column][\/vc_row][vc_row][vc_column][vc_empty_space height=&#8221;2.5em&#8221; alter_height=&#8221;none&#8221; hide_on_mobile=&#8221;&#8221;][\/vc_column][\/vc_row]<\/p>\n","protected":false},"excerpt":{"rendered":"<p>[vc_row][vc_column][\/vc_column][\/vc_row][vc_row][vc_column width=&#8221;1\/2&#8243; offset=&#8221;vc_col-md-3&#8243;][vc_empty_space height=&#8221;2.5em&#8221; alter_height=&#8221;none&#8221; hide_on_mobile=&#8221;&#8221;][\/vc_column][vc_column width=&#8221;1\/2&#8243; offset=&#8221;vc_col-md-3&#8243;][vc_empty_space height=&#8221;2.5em&#8221; alter_height=&#8221;none&#8221; hide_on_mobile=&#8221;&#8221;][\/vc_column][vc_column width=&#8221;1\/2&#8243; offset=&#8221;vc_col-md-3&#8243;][vc_empty_space height=&#8221;2.5em&#8221; alter_height=&#8221;none&#8221; hide_on_mobile=&#8221;&#8221;][\/vc_column][vc_column width=&#8221;1\/2&#8243; offset=&#8221;vc_col-md-3&#8243;][vc_empty_space height=&#8221;2.5em&#8221; alter_height=&#8221;none&#8221; hide_on_mobile=&#8221;&#8221;][\/vc_column][\/vc_row][vc_row][vc_column][vc_empty_space height=&#8221;4em&#8221; alter_height=&#8221;none&#8221; hide_on_mobile=&#8221;&#8221;][vc_empty_space height=&#8221;3.8em&#8221; alter_height=&#8221;none&#8221; hide_on_mobile=&#8221;1&#8243;][vc_empty_space height=&#8221;3em&#8221; alter_height=&#8221;none&#8221; hide_on_mobile=&#8221;1&#8243;][vc_empty_space height=&#8221;4em&#8221; alter_height=&#8221;none&#8221; hide_on_mobile=&#8221;&#8221;][\/vc_column][\/vc_row][vc_row equal_height=&#8221;yes&#8221; content_placement=&#8221;middle&#8221;][vc_column css=&#8221;.vc_custom_1492700725457{margin-right: 20px !important;margin-left: 20px !important;background-color: #ebe9e6 !important;}&#8221; offset=&#8221;vc_col-lg-6&#8243;][vc_empty_space height=&#8221;3em&#8221; alter_height=&#8221;none&#8221; hide_on_mobile=&#8221;&#8221;][vc_empty_space height=&#8221;1.5em&#8221; alter_height=&#8221;none&#8221; hide_on_mobile=&#8221;&#8221;][\/vc_column][vc_column width=&#8221;1\/2&#8243;&hellip;<\/p>\n","protected":false},"author":1,"featured_media":0,"parent":0,"menu_order":0,"comment_status":"closed","ping_status":"closed","template":"","meta":{"footnotes":""},"class_list":["post-29","page","type-page","status-publish","hentry"],"_links":{"self":[{"href":"https:\/\/alfatayt.com.tr\/index.php\/wp-json\/wp\/v2\/pages\/29","targetHints":{"allow":["GET"]}}],"collection":[{"href":"https:\/\/alfatayt.com.tr\/index.php\/wp-json\/wp\/v2\/pages"}],"about":[{"href":"https:\/\/alfatayt.com.tr\/index.php\/wp-json\/wp\/v2\/types\/page"}],"author":[{"embeddable":true,"href":"https:\/\/alfatayt.com.tr\/index.php\/wp-json\/wp\/v2\/users\/1"}],"replies":[{"embeddable":true,"href":"https:\/\/alfatayt.com.tr\/index.php\/wp-json\/wp\/v2\/comments?post=29"}],"version-history":[{"count":12,"href":"https:\/\/alfatayt.com.tr\/index.php\/wp-json\/wp\/v2\/pages\/29\/revisions"}],"predecessor-version":[{"id":1654,"href":"https:\/\/alfatayt.com.tr\/index.php\/wp-json\/wp\/v2\/pages\/29\/revisions\/1654"}],"wp:attachment":[{"href":"https:\/\/alfatayt.com.tr\/index.php\/wp-json\/wp\/v2\/media?parent=29"}],"curies":[{"name":"wp","href":"https:\/\/api.w.org\/{rel}","templated":true}]}}